{"id":2463,"date":"2021-07-08T12:54:43","date_gmt":"2021-07-08T09:54:43","guid":{"rendered":"https:\/\/esamksupport.samk.fi\/opettaja\/?page_id=2463"},"modified":"2025-09-09T13:50:00","modified_gmt":"2025-09-09T10:50:00","slug":"ohjeet-opintojaksopalaute","status":"publish","type":"page","link":"https:\/\/esamksupport.samk.fi\/opettaja\/ohjeet\/ohjeet-opintojaksopalaute\/","title":{"rendered":"Opintojaksopalaute Tuudossa"},"content":{"rendered":"\n\n\t<h1>Opintojaksopalaute on osa SAMKin sis\u00e4ist\u00e4 kehitt\u00e4mista<\/h1>\n<p>Opintojaksopalaute on SAMKin sis\u00e4ist\u00e4 tietoa, jota k\u00e4ytet\u00e4\u00e4n opintojaksojen toteutusten, ohjauksen ja laajemmin koko SAMKin opetuksen kehitt\u00e4miseen (ME1202 Opintojen suorittaminen). Palautteessa opiskelijat vastaavat vakiokysymyksiin, jotka opetuksen kehitt\u00e4misryhm\u00e4 on suunnitellut. Syksyst\u00e4 2021 alkaen opettajilla on my\u00f6s mahdollisuus lis\u00e4t\u00e4 palautekyselyyn yksi oma kysymys. Palaute on palautetta opintojakson toteutuksesta ja monen opettajan toteutukselta tulee siis yksi yhteinen palaute. My\u00f6s vastapalaute on opettajien yhteinen.<\/p>\n<p>Lis\u00e4ksi opettajilla on mahdollisuus ker\u00e4t\u00e4 opintojaksolta v\u00e4lipalautetta Moodlen ty\u00f6kalujen, esimerkiksi Palaute, kautta.<\/p>\n<h2>Mit\u00e4 edellytyksi\u00e4 opintojaksopalautteelle on?<\/h2>\n<p>Kaikilla Peppiin merkityill\u00e4 opintojaksoilla on mahdollista antaa palautetta Tuudon ja SAMKin opintojaksopalaute- verkkopalvelun kautta.\u00a0 Kutsun palautteen antamiseen opiskelija saa sek\u00e4 Tuudoon ett\u00e4 student.samk.fi-s\u00e4hk\u00f6postiin.\u00a0 Edellytyksen\u00e4 sille, ett\u00e4 opiskelija voi antaa palautetta, on opiskelijan hyv\u00e4ksyminen opintojaksolle Pepiss\u00e4.<\/p>\n<p>Palautteen avautumisp\u00e4iv\u00e4m\u00e4\u00e4r\u00e4 m\u00e4\u00e4r\u00e4ytyy Pepin opintojakson p\u00e4\u00e4ttymisp\u00e4iv\u00e4st\u00e4: palautepyynt\u00f6 aktivoituu sit\u00e4 seuraavana p\u00e4iv\u00e4n\u00e4. Opiskelijalla on aikaa 10 p\u00e4iv\u00e4\u00e4 antaa palautetta opintojakson p\u00e4\u00e4ttymisp\u00e4iv\u00e4\u00e4 seuravasta p\u00e4iv\u00e4st\u00e4. Nonstop-toteutusten osalta palaute aktivoituu opiskelijalle arvosanan saamista seuraavana p\u00e4iv\u00e4n\u00e4. Palautetta on mahdollista antaa my\u00f6s niille opintojaksoille, joiden opiskelijoilla ei ole SAMK-tunnuksia. Silloin opettaja sy\u00f6tt\u00e4\u00e4 palautej\u00e4rjestelm\u00e4\u00e4n itse opiskelijoiden s\u00e4hk\u00f6postiosoitteet.<\/p>\n<p>Kun opiskelijoiden opintojaksopalautejakso p\u00e4\u00e4ttyy, on opettajilla 14 p\u00e4iv\u00e4\u00e4 aikaa antaa opettajien yhteinen vastapalaute. T\u00e4m\u00e4 vastapalaute yhdess\u00e4 opintojakson skaalavastausten yhteenvedon kanssa menee niille opiskelijoille, jotka ovat palautetta antaneet.<\/p>\n<p>T\u00e4rke\u00e4\u00e4 opintojakson alkaessa on:<\/p>\n<ul>\n<li>\u00a0Merkit\u00e4 opintojaksoselosteelle (toteutussuunnitelmalle) kohtaan lis\u00e4tietoja opiskelijalle: Opintojaksopalaute annetaan Tuudossa. Katso my\u00f6s opintojaksoselosteen (toteutussuunnitelman) ohje Moodle3x:st\u00e4 Opetusprosessin koulutukset-kurssilta (vaatii kirjautumisen SAMKin tunnuksilla). Ohjeen Lis\u00e4tietoja opiskelijalle -kent\u00e4ss\u00e4 on malliteksti, jonka opettaja voi kopioida omalle selosteelleen.<\/li>\n<li>\u00a0Tarkistaa, ett\u00e4 opintojakson alkamis- ja loppumisp\u00e4iv\u00e4m\u00e4\u00e4r\u00e4 on toteutuksen mukainen<\/li>\n<li>\u00a0Opiskelijat on hyv\u00e4ksytt\u00e4v\u00e4 toteutukselle, jotta he voivat antaa palautetta<\/li>\n<\/ul>\n<p>T\u00e4rke\u00e4\u00e4 opintojakson p\u00e4\u00e4ttyess\u00e4 on:<\/p>\n<ul>\n<li>tarkistaa, ett\u00e4 opintojakson p\u00e4\u00e4ttymisp\u00e4iv\u00e4 on oikein ja korjata se tarvittaessa Pepiss\u00e4.<\/li>\n<li>muistuttaa opiskelijoita opintojaksopalautteen t\u00e4rkeydest\u00e4<\/li>\n<li>antaa vastapalautetta opiskelijoille<\/li>\n<li>k\u00e4ytt\u00e4\u00e4 saatua palautetta opintojakson tulevaisuuden toteutusten kehitt\u00e4misess\u00e4<\/li>\n<\/ul>\n<p>&nbsp;<\/p>\n<p><a href=\"https:\/\/esamksupport.samk.fi\/opettaja\/wp-content\/uploads\/sites\/6\/2021\/09\/Opintojaksopalaute-opettajalle.pdf\">Opintojaksopalaute opettajalle<\/a> (pdf)<\/p>\n<p>&nbsp;<\/p>\n<p>&nbsp;<\/p>\n<p>&nbsp;<\/p>\n<p>&nbsp;<\/p>\n\n","protected":false},"excerpt":{"rendered":"<p>Opintojaksopalaute on osa SAMKin sis\u00e4ist\u00e4 kehitt\u00e4mista Opintojaksopalaute on SAMKin sis\u00e4ist\u00e4 tietoa, jota k\u00e4ytet\u00e4\u00e4n opintojaksojen toteutusten, ohjauksen ja laajemmin koko SAMKin opetuksen kehitt\u00e4miseen (ME1202 Opintojen suorittaminen). Palautteessa opiskelijat vastaavat vakiokysymyksiin, jotka opetuksen kehitt\u00e4misryhm\u00e4 on suunnitellut. Syksyst\u00e4 2021 alkaen opettajilla on my\u00f6s mahdollisuus lis\u00e4t\u00e4 palautekyselyyn yksi oma kysymys. Palaute on palautetta opintojakson toteutuksesta ja monen opettajan toteutukselta tulee siis yksi yhteinen palaute. My\u00f6s vastapalaute on opettajien yhteinen. Lis\u00e4ksi opettajilla on mahdollisuus ker\u00e4t\u00e4 opintojaksolta v\u00e4lipalautetta Moodlen ty\u00f6kalujen, esimerkiksi Palaute, kautta. Mit\u00e4 edellytyksi\u00e4 opintojaksopalautteelle on? Kaikilla Peppiin merkityill\u00e4 opintojaksoilla on mahdollista antaa palautetta Tuudon ja SAMKin opintojaksopalaute- verkkopalvelun kautta.\u00a0 Kutsun palautteen antamiseen opiskelija saa sek\u00e4 Tuudoon ett\u00e4 student.samk.fi-s\u00e4hk\u00f6postiin.\u00a0 Edellytyksen\u00e4 sille, ett\u00e4 opiskelija voi antaa palautetta, on opiskelijan hyv\u00e4ksyminen opintojaksolle Pepiss\u00e4. Palautteen avautumisp\u00e4iv\u00e4m\u00e4\u00e4r\u00e4 m\u00e4\u00e4r\u00e4ytyy Pepin opintojakson p\u00e4\u00e4ttymisp\u00e4iv\u00e4st\u00e4: palautepyynt\u00f6 aktivoituu sit\u00e4 seuraavana p\u00e4iv\u00e4n\u00e4. Opiskelijalla on aikaa 10 p\u00e4iv\u00e4\u00e4 antaa palautetta opintojakson p\u00e4\u00e4ttymisp\u00e4iv\u00e4\u00e4 seuravasta p\u00e4iv\u00e4st\u00e4. Nonstop-toteutusten osalta palaute aktivoituu opiskelijalle arvosanan saamista seuraavana p\u00e4iv\u00e4n\u00e4. Palautetta on mahdollista&hellip;<\/p>\n<p> <a class=\"more-link\" href=\"https:\/\/esamksupport.samk.fi\/opettaja\/ohjeet\/ohjeet-opintojaksopalaute\/\">Lue Lis\u00e4\u00e4<\/a><\/p>\n","protected":false},"author":3,"featured_media":0,"parent":1847,"menu_order":0,"comment_status":"closed","ping_status":"closed","template":"","meta":{"footnotes":""},"class_list":["post-2463","page","type-page","status-publish"],"_links":{"self":[{"href":"https:\/\/esamksupport.samk.fi\/opettaja\/wp-json\/wp\/v2\/pages\/2463","targetHints":{"allow":["GET"]}}],"collection":[{"href":"https:\/\/esamksupport.samk.fi\/opettaja\/wp-json\/wp\/v2\/pages"}],"about":[{"href":"https:\/\/esamksupport.samk.fi\/opettaja\/wp-json\/wp\/v2\/types\/page"}],"author":[{"embeddable":true,"href":"https:\/\/esamksupport.samk.fi\/opettaja\/wp-json\/wp\/v2\/users\/3"}],"replies":[{"embeddable":true,"href":"https:\/\/esamksupport.samk.fi\/opettaja\/wp-json\/wp\/v2\/comments?post=2463"}],"version-history":[{"count":7,"href":"https:\/\/esamksupport.samk.fi\/opettaja\/wp-json\/wp\/v2\/pages\/2463\/revisions"}],"predecessor-version":[{"id":2600,"href":"https:\/\/esamksupport.samk.fi\/opettaja\/wp-json\/wp\/v2\/pages\/2463\/revisions\/2600"}],"up":[{"embeddable":true,"href":"https:\/\/esamksupport.samk.fi\/opettaja\/wp-json\/wp\/v2\/pages\/1847"}],"wp:attachment":[{"href":"https:\/\/esamksupport.samk.fi\/opettaja\/wp-json\/wp\/v2\/media?parent=2463"}],"curies":[{"name":"wp","href":"https:\/\/api.w.org\/{rel}","templated":true}]}}