{"id":2565,"date":"2023-01-17T09:20:48","date_gmt":"2023-01-17T07:20:48","guid":{"rendered":"https:\/\/esamksupport.samk.fi\/opettaja\/?page_id=2565"},"modified":"2023-01-17T09:34:37","modified_gmt":"2023-01-17T07:34:37","slug":"taking-a-distance-exam-teachers-guide","status":"publish","type":"page","link":"https:\/\/esamksupport.samk.fi\/opettaja\/taking-a-distance-exam-teachers-guide\/","title":{"rendered":"Taking an online exam &#8211; teacher&#8217;s guide"},"content":{"rendered":"\n<p>T\u00e4m\u00e4 on esimerkkisivu. Se eroaa artikkelista, sill\u00e4 se pysyy omalla paikallaan ja n\u00e4kyy sivustosi navigaatiossa (useimmissa teemoissa). Monet tekev\u00e4t ensimm\u00e4isen\u00e4 Tietoja-sivun, joka esittelee heid\u00e4t sivuston vierailijoille. Siihen voi kirjoittaa esimerkiksi jotain t\u00e4m\u00e4nkaltaista sis\u00e4lt\u00f6\u00e4:<\/p>\n","protected":false},"excerpt":{"rendered":"<p>T\u00e4m\u00e4 on esimerkkisivu. Se eroaa artikkelista, sill\u00e4 se pysyy omalla paikallaan ja n\u00e4kyy sivustosi navigaatiossa (useimmissa teemoissa). Monet tekev\u00e4t ensimm\u00e4isen\u00e4 Tietoja-sivun, joka esittelee heid\u00e4t sivuston vierailijoille. Siihen voi kirjoittaa esimerkiksi jotain t\u00e4m\u00e4nkaltaista sis\u00e4lt\u00f6\u00e4:<\/p>\n","protected":false},"author":18,"featured_media":0,"parent":0,"menu_order":0,"comment_status":"closed","ping_status":"open","template":"","meta":{"footnotes":""},"class_list":["post-2565","page","type-page","status-publish"],"_links":{"self":[{"href":"https:\/\/esamksupport.samk.fi\/opettaja\/wp-json\/wp\/v2\/pages\/2565","targetHints":{"allow":["GET"]}}],"collection":[{"href":"https:\/\/esamksupport.samk.fi\/opettaja\/wp-json\/wp\/v2\/pages"}],"about":[{"href":"https:\/\/esamksupport.samk.fi\/opettaja\/wp-json\/wp\/v2\/types\/page"}],"author":[{"embeddable":true,"href":"https:\/\/esamksupport.samk.fi\/opettaja\/wp-json\/wp\/v2\/users\/18"}],"replies":[{"embeddable":true,"href":"https:\/\/esamksupport.samk.fi\/opettaja\/wp-json\/wp\/v2\/comments?post=2565"}],"version-history":[{"count":4,"href":"https:\/\/esamksupport.samk.fi\/opettaja\/wp-json\/wp\/v2\/pages\/2565\/revisions"}],"predecessor-version":[{"id":2578,"href":"https:\/\/esamksupport.samk.fi\/opettaja\/wp-json\/wp\/v2\/pages\/2565\/revisions\/2578"}],"wp:attachment":[{"href":"https:\/\/esamksupport.samk.fi\/opettaja\/wp-json\/wp\/v2\/media?parent=2565"}],"curies":[{"name":"wp","href":"https:\/\/api.w.org\/{rel}","templated":true}]}}