{"id":2583,"date":"2023-09-11T08:54:17","date_gmt":"2023-09-11T05:54:17","guid":{"rendered":"https:\/\/esamksupport.samk.fi\/opettaja\/?page_id=2583"},"modified":"2023-09-11T09:06:16","modified_gmt":"2023-09-11T06:06:16","slug":"nonstop-opas-opettajalle","status":"publish","type":"page","link":"https:\/\/esamksupport.samk.fi\/opettaja\/ohjeet\/nonstop-opas-opettajalle\/","title":{"rendered":"Nonstop-k\u00e4sikirja opettajalle &#038; Nonstop handobook for teachers"},"content":{"rendered":"\n<p>Opettajan nonstop-k\u00e4sikirjat on laadittu Digik\u00e4rjet koulutuksessa yhdess\u00e4 mukana olleiden opettajien kanssa vuosina 2019-2021. Oppaat p\u00e4ivittyv\u00e4t tarpeen mukaan.<\/p>\n<p>&nbsp;<\/p>\n<p><a href=\"https:\/\/moodle4x.samk.fi\/pluginfile.php\/56069\/mod_folder\/content\/0\/Opettajan%20non-stop-k%C3%A4sikirja%202023.pdf?forcedownload=1\">Opettajan nonstop-k\u00e4sikirja 2023<\/a><\/p>\n<p><a href=\"https:\/\/moodle4x.samk.fi\/pluginfile.php\/56069\/mod_folder\/content\/0\/Nonstop%20handbook%20for%20teachers%202023.pdf?forcedownload=1\">Nonstop handobook for teachers 2023<\/a><\/p>\n","protected":false},"excerpt":{"rendered":"<p>Opettajan nonstop-k\u00e4sikirjat on laadittu Digik\u00e4rjet koulutuksessa yhdess\u00e4 mukana olleiden opettajien kanssa vuosina 2019-2021. Oppaat p\u00e4ivittyv\u00e4t tarpeen mukaan. &nbsp; Opettajan nonstop-k\u00e4sikirja 2023 Nonstop handobook for teachers 2023<\/p>\n","protected":false},"author":3,"featured_media":0,"parent":1847,"menu_order":0,"comment_status":"closed","ping_status":"closed","template":"","meta":{"footnotes":""},"class_list":["post-2583","page","type-page","status-publish"],"_links":{"self":[{"href":"https:\/\/esamksupport.samk.fi\/opettaja\/wp-json\/wp\/v2\/pages\/2583","targetHints":{"allow":["GET"]}}],"collection":[{"href":"https:\/\/esamksupport.samk.fi\/opettaja\/wp-json\/wp\/v2\/pages"}],"about":[{"href":"https:\/\/esamksupport.samk.fi\/opettaja\/wp-json\/wp\/v2\/types\/page"}],"author":[{"embeddable":true,"href":"https:\/\/esamksupport.samk.fi\/opettaja\/wp-json\/wp\/v2\/users\/3"}],"replies":[{"embeddable":true,"href":"https:\/\/esamksupport.samk.fi\/opettaja\/wp-json\/wp\/v2\/comments?post=2583"}],"version-history":[{"count":5,"href":"https:\/\/esamksupport.samk.fi\/opettaja\/wp-json\/wp\/v2\/pages\/2583\/revisions"}],"predecessor-version":[{"id":2588,"href":"https:\/\/esamksupport.samk.fi\/opettaja\/wp-json\/wp\/v2\/pages\/2583\/revisions\/2588"}],"up":[{"embeddable":true,"href":"https:\/\/esamksupport.samk.fi\/opettaja\/wp-json\/wp\/v2\/pages\/1847"}],"wp:attachment":[{"href":"https:\/\/esamksupport.samk.fi\/opettaja\/wp-json\/wp\/v2\/media?parent=2583"}],"curies":[{"name":"wp","href":"https:\/\/api.w.org\/{rel}","templated":true}]}}