{"id":1581,"date":"2020-11-23T13:08:04","date_gmt":"2020-11-23T11:08:04","guid":{"rendered":"https:\/\/esamksupport.samk.fi\/help\/?page_id=1581"},"modified":"2024-12-04T08:26:34","modified_gmt":"2024-12-04T06:26:34","slug":"opiskelijana-samkissa","status":"publish","type":"page","link":"https:\/\/esamksupport.samk.fi\/opiskelija\/","title":{"rendered":"Opiskelijana Samkissa"},"content":{"rendered":"\n<h3 class=\"wp-block-heading\">\n\t\tVoit valita oman opiskelijaroolisi ylh\u00e4\u00e4lt\u00e4 valikosta\n\t<\/h3>\n\n\n\n<p>Opintojaksopalautetta voit antaa\u00a0Tuudo-mobiilisovelluksen kautta.<\/p>\n\n\n\n<p><a href=\"https:\/\/elomake.samk.fi\/lomakkeet\/1310\/lomake.html\" target=\"_blank\" rel=\"noreferrer noopener\">Anna palautetta\u00a0SAMKin<\/a> toiminnasta.<\/p>\n\n\n\n<p><a href=\"https:\/\/web.samk.fi\/public\/lomakkeet\/LA08A_Reklamaatio.pdf\" target=\"_blank\" rel=\"noreferrer noopener\">Oletko tyytym\u00e4t\u00f6n\u00a0SAMKin\u00a0toimintaan? Haluatko tehd\u00e4 valituksen ja saada vastauksen reklamaatioosi?<\/a>\u00a0<\/p>\n\n\n\n<p>Esteett\u00f6myys opinnoissa tarkoittaa fyysisen, psyykkisen ja sosiaalisen oppimisymp\u00e4rist\u00f6n toteuttamista siten, ett\u00e4 kaikille opiskelijoille taataan yhdenvertaiset toimintaoikeudet.<\/p>\n\n\n\n<p><a href=\"https:\/\/www.samk.fi\/opiskelijalle\/hyvaksiluku-ja-ahotointi\/\" target=\"_blank\" rel=\"noreferrer noopener\">Hankitun osaamisen tunnistaminen ja tunnustaminen osaksi tulevaa tutkintoa (arkikieless\u00e4 AHOTointi)<\/a> on menettely, jolla opiskelija voi hy\u00f6dynt\u00e4\u00e4 osaamista, jonka h\u00e4n on hankkinut aikaisemmissa opinnoissaan tai nykyisten opintojen aikana toisessa korkeakoulussa tai muilla tavoin (esim. ty\u00f6kokemuksella).<\/p>\n\n\n\n<p><a href=\"https:\/\/www.samk.fi\/tyoelama-ja-tutkimus\/opinnollistaminen\/\" target=\"_blank\" rel=\"noreferrer noopener\">Opinnollistaminen<\/a> mahdollistaa joustavat ja ty\u00f6el\u00e4m\u00e4l\u00e4ht\u00f6iset opinnot.<\/p>\n\n\n\n<p><a href=\"https:\/\/oiva.samk.fi\/opiskelu\/opintojen-ahotointi\/\" target=\"_blank\" rel=\"noreferrer noopener\">Osaamisen n\u00e4yt\u00f6ll\u00e4<\/a> voit osoittaa osaamista, josta sinulla ei ole korkeakoulun my\u00f6nt\u00e4m\u00e4\u00e4 todistusta. (linkki vaatii kirjatumisen Oivaan)<\/p>\n\n\n\n<p><a href=\"https:\/\/www.samk.fi\/opiskelijalle\/kielten-ja-viestinnan-opinnot\/\" target=\"_blank\" rel=\"noreferrer noopener\">Tutkintojen kieliopintojen korvaaminen ja hyv\u00e4ksiluku<\/a><\/p>\n\n\n\n<p><a href=\"https:\/\/www.samk.fi\/opiskelu\/opintojen-aikana\/kielten-ja-viestinnan-opinnot-samkissa\/amk-tutkintoon-kuuluvat-kieli-ja-viestintaopinnot\/\">Vapauttaminen pakollisista kieliopinnoista<\/a><\/p>\n\n\n\n<p>Jokaisen&nbsp;SAMKista&nbsp;valmistuvan&nbsp;on t\u00e4rke\u00e4\u00e4 liitty\u00e4&nbsp;SAMKin alumnien joukkoon. Parhaiten se onnistuu ilmoittamalla itsens\u00e4 <a href=\"https:\/\/alumniviesti.samk.fi\/\">SAMKin&nbsp;alumnirekisteriin.<\/a><\/p>\n\n\n\n<p><a href=\"https:\/\/esamksupport.samk.fi\/opiskelija\/wp-content\/uploads\/sites\/5\/2023\/09\/230808-Tekoalyn-kaytto-Satakunnan-ammattikorkeakoulussa-OHJE.pdf\">Teko\u00e4lyn k\u00e4ytt\u00f6 Satakunnan ammattikorkeakoulussa<\/a><\/p>\n","protected":false},"excerpt":{"rendered":"<p>Voit valita oman opiskelijaroolisi ylh\u00e4\u00e4lt\u00e4 valikosta Opintojaksopalautetta voit antaa\u00a0Tuudo-mobiilisovelluksen kautta. Anna palautetta\u00a0SAMKin toiminnasta. Oletko tyytym\u00e4t\u00f6n\u00a0SAMKin\u00a0toimintaan? Haluatko tehd\u00e4 valituksen ja saada vastauksen reklamaatioosi?\u00a0 Esteett\u00f6myys opinnoissa tarkoittaa fyysisen, psyykkisen ja sosiaalisen oppimisymp\u00e4rist\u00f6n toteuttamista siten, ett\u00e4 kaikille opiskelijoille taataan yhdenvertaiset toimintaoikeudet. Hankitun osaamisen tunnistaminen ja tunnustaminen osaksi tulevaa tutkintoa (arkikieless\u00e4 AHOTointi) on menettely, jolla opiskelija voi hy\u00f6dynt\u00e4\u00e4 osaamista, jonka h\u00e4n on hankkinut aikaisemmissa opinnoissaan tai nykyisten opintojen aikana toisessa korkeakoulussa tai muilla tavoin (esim. ty\u00f6kokemuksella). Opinnollistaminen mahdollistaa joustavat ja ty\u00f6el\u00e4m\u00e4l\u00e4ht\u00f6iset opinnot. Osaamisen n\u00e4yt\u00f6ll\u00e4 voit osoittaa osaamista, josta sinulla ei ole korkeakoulun my\u00f6nt\u00e4m\u00e4\u00e4 todistusta. (linkki vaatii kirjatumisen Oivaan) Tutkintojen kieliopintojen korvaaminen ja hyv\u00e4ksiluku Vapauttaminen pakollisista kieliopinnoista Jokaisen&nbsp;SAMKista&nbsp;valmistuvan&nbsp;on t\u00e4rke\u00e4\u00e4 liitty\u00e4&nbsp;SAMKin alumnien joukkoon. Parhaiten se onnistuu ilmoittamalla itsens\u00e4 SAMKin&nbsp;alumnirekisteriin. Teko\u00e4lyn k\u00e4ytt\u00f6 Satakunnan ammattikorkeakoulussa<\/p>\n","protected":false},"author":13,"featured_media":0,"parent":0,"menu_order":0,"comment_status":"closed","ping_status":"open","template":"","meta":{"footnotes":""},"class_list":["post-1581","page","type-page","status-publish"],"_links":{"self":[{"href":"https:\/\/esamksupport.samk.fi\/opiskelija\/wp-json\/wp\/v2\/pages\/1581","targetHints":{"allow":["GET"]}}],"collection":[{"href":"https:\/\/esamksupport.samk.fi\/opiskelija\/wp-json\/wp\/v2\/pages"}],"about":[{"href":"https:\/\/esamksupport.samk.fi\/opiskelija\/wp-json\/wp\/v2\/types\/page"}],"author":[{"embeddable":true,"href":"https:\/\/esamksupport.samk.fi\/opiskelija\/wp-json\/wp\/v2\/users\/13"}],"replies":[{"embeddable":true,"href":"https:\/\/esamksupport.samk.fi\/opiskelija\/wp-json\/wp\/v2\/comments?post=1581"}],"version-history":[{"count":24,"href":"https:\/\/esamksupport.samk.fi\/opiskelija\/wp-json\/wp\/v2\/pages\/1581\/revisions"}],"predecessor-version":[{"id":2174,"href":"https:\/\/esamksupport.samk.fi\/opiskelija\/wp-json\/wp\/v2\/pages\/1581\/revisions\/2174"}],"wp:attachment":[{"href":"https:\/\/esamksupport.samk.fi\/opiskelija\/wp-json\/wp\/v2\/media?parent=1581"}],"curies":[{"name":"wp","href":"https:\/\/api.w.org\/{rel}","templated":true}]}}