{"id":1914,"date":"2021-01-19T11:57:20","date_gmt":"2021-01-19T09:57:20","guid":{"rendered":"https:\/\/esamksupport.samk.fi\/opiskelija\/?page_id=1914"},"modified":"2024-12-04T14:48:20","modified_gmt":"2024-12-04T12:48:20","slug":"tutkinto-opiskelija-yamk","status":"publish","type":"page","link":"https:\/\/esamksupport.samk.fi\/opiskelija\/tutkinto-opiskelija-yamk\/","title":{"rendered":"Tutkinto-opiskelija YAMK"},"content":{"rendered":"\n<h3 class=\"wp-block-heading\">Opintojen tarjonta ja aikataulutus&nbsp;<\/h3>\n\n\n\n<ul class=\"wp-block-list\">\n<li><a href=\"https:\/\/www.samk.fi\/hae-opiskelemaan\/hakeminen\/\" target=\"_blank\" rel=\"noreferrer noopener\">Opintotarjonta<\/a><\/li>\n\n\n\n<li>Aikataulut l\u00f6ytyv\u00e4t <a href=\"https:\/\/timeedit.samk.fi\" target=\"_blank\" rel=\"noreferrer noopener\">TimeEditist\u00e4<\/a><\/li>\n<\/ul>\n\n\n\n<h3 class=\"wp-block-heading\">Lukuvuosi-ilmoittautuminen&nbsp;<\/h3>\n\n\n\n<ul class=\"wp-block-list\">\n<li>Opiskelija tekee l\u00e4sn\u00e4-\/poissaoloilmoituksen&nbsp;opiskelijahallintoj\u00e4rjestelm\u00e4&nbsp;<a href=\"https:\/\/loki.samk.fi\" target=\"_blank\" rel=\"noreferrer noopener\">Lokissa<\/a>.<\/li>\n\n\n\n<li><a href=\"https:\/\/www.samk.fi\/opiskelijalle\/opintojaksoille-ilmoittautuminen\/\" target=\"_blank\" rel=\"noreferrer noopener\">Ilmoittautuminen<\/a> alkaa huhtikuun lopulla ja p\u00e4\u00e4ttyy elo-syyskuun vaihteessa.<\/li>\n<\/ul>\n\n\n\n<h3 class=\"wp-block-heading\">Opintoihin ilmoittautuminen ja ilmoittautumisen peruminen<\/h3>\n\n\n\n<ul class=\"wp-block-list\">\n<li>Opintoihin ilmoittaudutaan<a href=\"https:\/\/loki.samk.fi\" target=\"_blank\" rel=\"noreferrer noopener\"> Lokissa<\/a>&nbsp;tai&nbsp;Tuudo&nbsp;mobiilisovelluksessa.<\/li>\n\n\n\n<li>Ilmoittautumisajan ollessa viel\u00e4 auki, opiskelija p\u00e4\u00e4see itse poistamaan ilmoittautumisensa <a href=\"https:\/\/loki.samk.fi\">Lokissa<\/a> tai Tuudossa.<\/li>\n\n\n\n<li><a href=\"https:\/\/oysamk.sharepoint.com\/:b:\/r\/sites\/eSAMKMajakka\/Jaetut%20asiakirjat\/07.%20Tuudo\/2024%20Samk%20Tuudo-opas%20FI.pdf?csf=1&amp;web=1&amp;e=541jK5\" target=\"_blank\" rel=\"noreferrer noopener\">Tuudo-opas<\/a><\/li>\n<\/ul>\n\n\n\n<h3 class=\"wp-block-heading\">Opintoneuvonta&nbsp;<\/h3>\n\n\n\n<ul class=\"wp-block-list\">\n<li><a href=\"https:\/\/www.samk.fi\/yhteystiedot\/yhteystiedot-opiskelijalle\/\" target=\"_blank\" rel=\"noreferrer noopener\">Yhteystiedot<\/a><\/li>\n<\/ul>\n\n\n\n<h3 class=\"wp-block-heading\">Opetuksen toteuttaminen&nbsp;<\/h3>\n\n\n\n<ul class=\"wp-block-list\">\n<li>Opetuksen toteuttamisesta tutkinto-ohjelmittain kerrotaan tarkemmin opintojen toteutussuunnitelmissa, jotka l\u00f6yd\u00e4t <a href=\"https:\/\/samk.opinto-opas.fi\/home\" target=\"_blank\" rel=\"noreferrer noopener\">Opinto-oppaasta<\/a>.<\/li>\n<\/ul>\n\n\n\n<h3 class=\"wp-block-heading\">K\u00e4ytt\u00f6oikeus ja SAMK-ID<\/h3>\n\n\n\n<ul class=\"wp-block-list\">\n<li>SAMK-ID:n aktivointiin tarvitset verkkopankkitunnukset, s\u00e4hk\u00f6isen henkil\u00f6kortin TAI mobiilivarmenteen.<\/li>\n\n\n\n<li><a href=\"https:\/\/www.samk.fi\/opiskelijalle\/samk-id\/\" target=\"_blank\" rel=\"noreferrer noopener\">Ohje<\/a> SAMK-ID:n aktivointiin.<\/li>\n\n\n\n<li>SAMK-ID:t\u00e4 tarvitset kirjautuessasi SAMKin&nbsp;verkkoon ja j\u00e4rjestelmiin, esim. Moodleen, Lokiin, Examiin ja&nbsp;Tuudoon.<\/li>\n\n\n\n<li>SAMKin\u00a0s\u00e4hk\u00f6postiin (M365-palvelut) k\u00e4ytet\u00e4\u00e4n s\u00e4hk\u00f6postiosoitetta ja SAMK-ID:n salasanaa.<\/li>\n<\/ul>\n\n\n\n<h3 class=\"wp-block-heading\">Oppimateriaali ja s\u00e4hk\u00f6iset oppimisymp\u00e4rist\u00f6t&nbsp;<\/h3>\n\n\n\n<ul class=\"wp-block-list\">\n<li>Opintojakson <a href=\"https:\/\/samk.opinto-opas.fi\/coursedescriptions\" target=\"_blank\" rel=\"noreferrer noopener\">toteutussuunnitelmassa<\/a> kerrotaan oppimateriaali ja tarvittavat ohjelmistot.&nbsp;<\/li>\n\n\n\n<li><a href=\"https:\/\/moodle.samk.fi\/\" target=\"_blank\" rel=\"noreferrer noopener\">Moodle<\/a>&nbsp;<\/li>\n\n\n\n<li><a href=\"https:\/\/hill.samk.fi\/\" target=\"_blank\" rel=\"noreferrer noopener\">HILL<\/a><\/li>\n\n\n\n<li><a href=\"https:\/\/exam.samk.fi\/\" target=\"_blank\" rel=\"noreferrer noopener\">Exam<\/a><\/li>\n\n\n\n<li><a href=\"https:\/\/loki.samk.fi\" target=\"_blank\" rel=\"noreferrer noopener\">Loki<\/a><\/li>\n\n\n\n<li><a href=\"https:\/\/samk.wihi.fi\" target=\"_blank\" rel=\"noreferrer noopener\">Wihi<\/a><\/li>\n\n\n\n<li>Tuudo&nbsp;mobiilisovellus<\/li>\n<\/ul>\n\n\n\n<h3 class=\"wp-block-heading\">Opinn\u00e4ytety\u00f6&nbsp;&nbsp;<\/h3>\n\n\n\n<ul class=\"wp-block-list\">\n<li><a href=\"https:\/\/www.samk.fi\/opiskelijalle\/kirjallisten-toiden-ja-opinnaytetyon-ohjeet\/\" target=\"_blank\" rel=\"noreferrer noopener\">Ohjeita opinn\u00e4ytety\u00f6n tekemiseen&nbsp;<\/a><\/li>\n<\/ul>\n\n\n\n<h3 class=\"wp-block-heading\">Valmistuminen&nbsp;<\/h3>\n\n\n\n<ul class=\"wp-block-list\">\n<li><a href=\"https:\/\/www.samk.fi\/opiskelijalle\/valmistuminen\/\" target=\"_blank\" rel=\"noreferrer noopener\">Ohjeita valmistumisvaiheesta&nbsp;<\/a><\/li>\n<\/ul>\n\n\n\n<p><\/p>\n","protected":false},"excerpt":{"rendered":"<p>Opintojen tarjonta ja aikataulutus&nbsp; Lukuvuosi-ilmoittautuminen&nbsp; Opintoihin ilmoittautuminen ja ilmoittautumisen peruminen Opintoneuvonta&nbsp; Opetuksen toteuttaminen&nbsp; K\u00e4ytt\u00f6oikeus ja SAMK-ID Oppimateriaali ja s\u00e4hk\u00f6iset oppimisymp\u00e4rist\u00f6t&nbsp; Opinn\u00e4ytety\u00f6&nbsp;&nbsp; Valmistuminen&nbsp;<\/p>\n","protected":false},"author":13,"featured_media":0,"parent":0,"menu_order":0,"comment_status":"closed","ping_status":"open","template":"","meta":{"footnotes":""},"class_list":["post-1914","page","type-page","status-publish"],"_links":{"self":[{"href":"https:\/\/esamksupport.samk.fi\/opiskelija\/wp-json\/wp\/v2\/pages\/1914","targetHints":{"allow":["GET"]}}],"collection":[{"href":"https:\/\/esamksupport.samk.fi\/opiskelija\/wp-json\/wp\/v2\/pages"}],"about":[{"href":"https:\/\/esamksupport.samk.fi\/opiskelija\/wp-json\/wp\/v2\/types\/page"}],"author":[{"embeddable":true,"href":"https:\/\/esamksupport.samk.fi\/opiskelija\/wp-json\/wp\/v2\/users\/13"}],"replies":[{"embeddable":true,"href":"https:\/\/esamksupport.samk.fi\/opiskelija\/wp-json\/wp\/v2\/comments?post=1914"}],"version-history":[{"count":15,"href":"https:\/\/esamksupport.samk.fi\/opiskelija\/wp-json\/wp\/v2\/pages\/1914\/revisions"}],"predecessor-version":[{"id":2198,"href":"https:\/\/esamksupport.samk.fi\/opiskelija\/wp-json\/wp\/v2\/pages\/1914\/revisions\/2198"}],"wp:attachment":[{"href":"https:\/\/esamksupport.samk.fi\/opiskelija\/wp-json\/wp\/v2\/media?parent=1914"}],"curies":[{"name":"wp","href":"https:\/\/api.w.org\/{rel}","templated":true}]}}