{"id":1948,"date":"2021-01-19T12:07:58","date_gmt":"2021-01-19T10:07:58","guid":{"rendered":"https:\/\/esamksupport.samk.fi\/opiskelija\/?page_id=1948"},"modified":"2024-12-04T14:48:03","modified_gmt":"2024-12-04T12:48:03","slug":"avoimen-amkin-opiskelija","status":"publish","type":"page","link":"https:\/\/esamksupport.samk.fi\/opiskelija\/avoimen-amkin-opiskelija\/","title":{"rendered":"Avoimen amkin opiskelija"},"content":{"rendered":"\n<h3 class=\"wp-block-heading\">Opintojen tarjonta, ilmoittautuminen ja opintomaksut<\/h3>\n\n\n\n<ul class=\"wp-block-list\">\n<li><a href=\"https:\/\/www.samk.fi\/hae-opiskelemaan\/avoin-amk\/\" target=\"_blank\" rel=\"noreferrer noopener\">Lis\u00e4tietoja<\/a><\/li>\n<\/ul>\n\n\n\n<h3 class=\"wp-block-heading\">Opintojen aikataulutus<\/h3>\n\n\n\n<ul class=\"wp-block-list\">\n<li>Aikataulut l\u00f6ytyv\u00e4t <a href=\"https:\/\/timeedit.samk.fi\" target=\"_blank\" rel=\"noreferrer noopener\">TimeEditist\u00e4<\/a> opintojakson toteutuskoodilla.<\/li>\n<\/ul>\n\n\n\n<h3 class=\"wp-block-heading\">Lukuvuosi-ilmoittautuminen&nbsp;<\/h3>\n\n\n\n<ul class=\"wp-block-list\">\n<li>Avoimen opiskelijat eiv\u00e4t tee lukuvuosi-ilmoittautumista<\/li>\n<\/ul>\n\n\n\n<h3 class=\"wp-block-heading\">Opintoneuvonta&nbsp;<\/h3>\n\n\n\n<ul class=\"wp-block-list\">\n<li>Avoimen AMK:n opintoihin liittyv\u00e4\u00e4 neuvontaa ja ohjausta saa SAMKin avoimen ammattikorkeakoulun henkil\u00f6kunnalta. S\u00e4hk\u00f6posti: <a href=\"mailto:avoinamk@samk.fi\">avoinamk@samk.fi<\/a><\/li>\n\n\n\n<li>Opintojakson suorittamiseen ja sis\u00e4lt\u00f6\u00f6n liittyviin kysymyksiin vastaa opintojakson opettaja.<\/li>\n\n\n\n<li>Tukea opinnoissa hy\u00f6dynnett\u00e4viin j\u00e4rjestelmiin saa eSAMKilta. S\u00e4hk\u00f6posti: <a href=\"mailto:esamk.support@samk.fi\">esamk.support@samk.fi<\/a><\/li>\n\n\n\n<li>Tietoteknisiss\u00e4 ongelmissa auttaa SAMKin IT Support, puh. 02 479 2000.<\/li>\n\n\n\n<li><a href=\"https:\/\/www.samk.fi\/opiskelijalle\/avoimen-amkn-opiskelijat\/\" target=\"_blank\" rel=\"noreferrer noopener\">Lis\u00e4tietoa<\/a> avoimen AMKin opiskelusta ja opintoneuvonnasta<\/li>\n<\/ul>\n\n\n\n<h3 class=\"wp-block-heading\">Opetuksen toteuttaminen&nbsp;<\/h3>\n\n\n\n<ul class=\"wp-block-list\">\n<li>P\u00e4\u00e4osa avoimen AMKin opintojaksoista toteutetaan normaalin opetuksen yhteydess\u00e4, jolloin opiskellaan samassa ryhm\u00e4ss\u00e4 tutkintoa suorittavien opiskelijoiden kanssa.<\/li>\n\n\n\n<li>Osa opintojaksoista voidaan toteuttaa my\u00f6s erillistoteutuksina, jolloin opiskelijaryhm\u00e4 muodostuu p\u00e4\u00e4osin avoimen ammattikorkeakoulun opiskelijoista.<\/li>\n\n\n\n<li><a href=\"https:\/\/samk.opinto-opas.fi\/coursedescriptions\" target=\"_blank\" rel=\"noreferrer noopener\">Opinto-oppaalta<\/a> l\u00f6yd\u00e4t opintojakson toteutussuunnitelman.&nbsp;&nbsp;<\/li>\n<\/ul>\n\n\n\n<h3 class=\"wp-block-heading\">SAMK-ID<\/h3>\n\n\n\n<ul class=\"wp-block-list\">\n<li>SAMK-ID:n aktivointiin tarvitset verkkopankkitunnukset, s\u00e4hk\u00f6isen henkil\u00f6kortin TAI mobiilivarmenteen.<\/li>\n\n\n\n<li><a href=\"https:\/\/www.samk.fi\/opiskelijalle\/samk-id\/\" target=\"_blank\" rel=\"noreferrer noopener\">Ohje<\/a> SAMK-ID:n aktivointiin<\/li>\n\n\n\n<li>SAMK-ID:t\u00e4 tarvitset kirjautuessasi SAMKin&nbsp;verkkoon ja j\u00e4rjestelmiin, esim. Moodleen, Lokiin, Examiin ja&nbsp;Tuudoon.<\/li>\n\n\n\n<li>SAMKin\u00a0s\u00e4hk\u00f6postiin (M365-palvelut) k\u00e4ytet\u00e4\u00e4n s\u00e4hk\u00f6postiosoitetta ja SAMK-ID:n salasanaa.<\/li>\n<\/ul>\n\n\n\n<h3 class=\"wp-block-heading\">Oppimateriaali ja s\u00e4hk\u00f6iset oppimisymp\u00e4rist\u00f6t&nbsp;<\/h3>\n\n\n\n<ul class=\"wp-block-list\">\n<li>Opintojakson <a href=\"https:\/\/samk.opinto-opas.fi\/coursedescriptions\">toteutussuunnitelmassa<\/a> kerrotaan oppimateriaali ja tarvittavat ohjelmistot.&nbsp;<\/li>\n\n\n\n<li><a href=\"https:\/\/esamksupport.samk.fi\/\">Kaikki j\u00e4rjestelm\u00e4t<\/a><\/li>\n\n\n\n<li><a href=\"https:\/\/moodle.samk.fi\/\">Moodle<\/a>&nbsp;<\/li>\n\n\n\n<li><a href=\"https:\/\/hill.samk.fi\/\">HILL<\/a><\/li>\n\n\n\n<li><a href=\"https:\/\/exam.samk.fi\/\">Exam<\/a><\/li>\n\n\n\n<li><a href=\"https:\/\/loki.samk.fi\" target=\"_blank\" rel=\"noreferrer noopener\">Loki<\/a><\/li>\n\n\n\n<li><a href=\"https:\/\/samk.wihi.fi\" target=\"_blank\" rel=\"noreferrer noopener\">Wihi<\/a><\/li>\n\n\n\n<li>Tuudo&nbsp;mobiilisovellus<\/li>\n<\/ul>\n\n\n\n<h3 class=\"wp-block-heading\">Suoritusten seuranta ja opintosuoritusote<\/h3>\n\n\n\n<ul class=\"wp-block-list\">\n<li>Omia suorituksiasi voit seurata <a href=\"https:\/\/loki.samk.fi\" target=\"_blank\" rel=\"noreferrer noopener\">Lokissa<\/a><\/li>\n\n\n\n<li>Suorituksesi n\u00e4kyv\u00e4t my\u00f6s <a href=\"https:\/\/opintopolku.fi\/oma-opintopolku\/\" target=\"_blank\" rel=\"noreferrer noopener\">Oma Opintopolku<\/a> -palvelussa. <\/li>\n\n\n\n<li>Opintosuoritusotteen saat ladattua opiskelijahallintoj\u00e4rjestelm\u00e4 <a href=\"https:\/\/loki.samk.fi\">Lokista<\/a>, kohdasta <strong>Atomi<\/strong>.<\/li>\n<\/ul>\n\n\n\n<h3 class=\"wp-block-heading\">Opinn\u00e4ytety\u00f6 &nbsp;<\/h3>\n\n\n\n<ul class=\"wp-block-list\">\n<li>My\u00f6s avoimen AMK:n opiskelija voi tehd\u00e4 opinn\u00e4ytety\u00f6n<\/li>\n\n\n\n<li><a href=\"https:\/\/www.samk.fi\/opiskelijalle\/kirjallisten-toiden-ja-opinnaytetyon-ohjeet\/\">Ohjeita opinn\u00e4ytety\u00f6n tekemiseen<\/a><\/li>\n<\/ul>\n","protected":false},"excerpt":{"rendered":"<p>Opintojen tarjonta, ilmoittautuminen ja opintomaksut Opintojen aikataulutus Lukuvuosi-ilmoittautuminen&nbsp; Opintoneuvonta&nbsp; Opetuksen toteuttaminen&nbsp; SAMK-ID Oppimateriaali ja s\u00e4hk\u00f6iset oppimisymp\u00e4rist\u00f6t&nbsp; Suoritusten seuranta ja opintosuoritusote Opinn\u00e4ytety\u00f6 &nbsp;<\/p>\n","protected":false},"author":13,"featured_media":0,"parent":0,"menu_order":0,"comment_status":"closed","ping_status":"open","template":"","meta":{"footnotes":""},"class_list":["post-1948","page","type-page","status-publish"],"_links":{"self":[{"href":"https:\/\/esamksupport.samk.fi\/opiskelija\/wp-json\/wp\/v2\/pages\/1948","targetHints":{"allow":["GET"]}}],"collection":[{"href":"https:\/\/esamksupport.samk.fi\/opiskelija\/wp-json\/wp\/v2\/pages"}],"about":[{"href":"https:\/\/esamksupport.samk.fi\/opiskelija\/wp-json\/wp\/v2\/types\/page"}],"author":[{"embeddable":true,"href":"https:\/\/esamksupport.samk.fi\/opiskelija\/wp-json\/wp\/v2\/users\/13"}],"replies":[{"embeddable":true,"href":"https:\/\/esamksupport.samk.fi\/opiskelija\/wp-json\/wp\/v2\/comments?post=1948"}],"version-history":[{"count":10,"href":"https:\/\/esamksupport.samk.fi\/opiskelija\/wp-json\/wp\/v2\/pages\/1948\/revisions"}],"predecessor-version":[{"id":2197,"href":"https:\/\/esamksupport.samk.fi\/opiskelija\/wp-json\/wp\/v2\/pages\/1948\/revisions\/2197"}],"wp:attachment":[{"href":"https:\/\/esamksupport.samk.fi\/opiskelija\/wp-json\/wp\/v2\/media?parent=1948"}],"curies":[{"name":"wp","href":"https:\/\/api.w.org\/{rel}","templated":true}]}}