{"id":1950,"date":"2021-01-19T12:08:33","date_gmt":"2021-01-19T10:08:33","guid":{"rendered":"https:\/\/esamksupport.samk.fi\/opiskelija\/?page_id=1950"},"modified":"2024-12-04T14:51:11","modified_gmt":"2024-12-04T12:51:11","slug":"erikoistumiskoulutuksen-opiskelija","status":"publish","type":"page","link":"https:\/\/esamksupport.samk.fi\/opiskelija\/erikoistumiskoulutuksen-opiskelija\/","title":{"rendered":"Erikoistumiskoulutuksen opiskelija"},"content":{"rendered":"\n<h3 class=\"wp-block-heading\">Koulutustarjonta&nbsp;<\/h3>\n\n\n\n<ul class=\"wp-block-list\">\n<li><a href=\"https:\/\/www.samk.fi\/hae-opiskelemaan\/jatkuva-oppiminen\/kaikki-taydennys-ja-erikoistumiskoulutukset\/\" target=\"_blank\" rel=\"noreferrer noopener\">Tarjonta<\/a><\/li>\n\n\n\n<li><a href=\"https:\/\/www.samk.fi\/hae-opiskelemaan\/jatkuva-oppiminen\/#section-2\" target=\"_blank\" rel=\"noreferrer noopener\">Lis\u00e4tietoa<\/a><\/li>\n<\/ul>\n\n\n\n<h3 class=\"wp-block-heading\">Erikoistumiskoulutuksen hakumenettely<\/h3>\n\n\n\n<ul class=\"wp-block-list\">\n<li>Opintoihin haetaan s\u00e4hk\u00f6isell\u00e4 lomakkeella hakumenettelyn kautta. Jokaiseen erikoistumiskoulutukseen on oma hakuaikansa, joka on kerrottu ko. koulutuksen tiedoissa.<\/li>\n<\/ul>\n\n\n\n<h3 class=\"wp-block-heading\">Lukuvuosi-ilmoittautuminen ja opintoihin ilmoittautuminen<\/h3>\n\n\n\n<ul class=\"wp-block-list\">\n<li>Erikoistumiskoulutuksia opiskelevien ei tarvitse tehd\u00e4 ilmoittautumisia&nbsp;<\/li>\n<\/ul>\n\n\n\n<h3 class=\"wp-block-heading\">Opintoneuvonta&nbsp;<\/h3>\n\n\n\n<ul class=\"wp-block-list\">\n<li>Neuvontaa ja ohjausta voit pyyt\u00e4\u00e4 Jatkuvan oppimisen palvelujen henkil\u00f6kunnalta <a href=\"mailto:koulutuspalvelut.samk@samk.fi\">koulutuspalvelut.samk@samk.fi<\/a>.<\/li>\n\n\n\n<li>Opintojen suorittamiseen ja sis\u00e4lt\u00f6ihin liittyviin kysymyksiin vastaa erikoistumiskoulutuksen vastuuopettaja.<\/li>\n\n\n\n<li>Tukea opinnoissa hy\u00f6dynnett\u00e4viin j\u00e4rjestelmiin saa eSAMKilta, <a href=\"mailto:esamk.support@samk.fi\">esamk.support@samk.fi<\/a>.<\/li>\n\n\n\n<li>Tietoteknisiss\u00e4 ongelmissa auttaa SAMKin IT Support, p. 02 479 2000.<\/li>\n<\/ul>\n\n\n\n<h3 class=\"wp-block-heading\">Opetuksen toteuttaminen&nbsp;<\/h3>\n\n\n\n<ul class=\"wp-block-list\">\n<li><a href=\"https:\/\/samk.opinto-opas.fi\/home\" target=\"_blank\" rel=\"noreferrer noopener\">Opinto-oppaalta<\/a> l\u00f6ytyy lukuvuosittain tarjottavat erikoistumiskoulutusten opetussuunnitelmat ja&nbsp;toteutussuunnitelmat.&nbsp;Toteutussuunnitelmassa&nbsp;kerrotaan opetuksen toteuttamisesta.<\/li>\n<\/ul>\n\n\n\n<h3 class=\"wp-block-heading\">SAMK-ID<\/h3>\n\n\n\n<ul class=\"wp-block-list\">\n<li>SAMK-ID:n aktivointiin tarvitset verkkopankkitunnukset, s\u00e4hk\u00f6isen henkil\u00f6kortin TAI mobiilivarmenteen. <\/li>\n\n\n\n<li><a href=\"https:\/\/www.samk.fi\/opiskelijalle\/samk-id\/\" target=\"_blank\" rel=\"noreferrer noopener\">Ohje<\/a> SAMK-ID:n aktivointiin<\/li>\n\n\n\n<li>SAMK-ID:t\u00e4si tarvitset kirjautuessasi SAMKin&nbsp;verkkoon ja j\u00e4rjestelmiin, esim. Moodleen, Lokiin, Examiin ja&nbsp;Tuudoon.<\/li>\n\n\n\n<li>SAMKin\u00a0s\u00e4hk\u00f6postiin (M365-palvelut) k\u00e4ytet\u00e4\u00e4n s\u00e4hk\u00f6postiosoitetta ja SAMK-ID:n salasanaa.<\/li>\n<\/ul>\n\n\n\n<h3 class=\"wp-block-heading\">Ilmoittautumisen peruminen ja peruutusehdot<\/h3>\n\n\n\n<ul class=\"wp-block-list\">\n<li>Kun opiskelija on ottanut koulutuspaikan kirjallisesti vastaan, osallistuminen on sitova.<\/li>\n\n\n\n<li>Opiskelija sitoutuu koulutusmaksuun henkil\u00f6kohtaisesti, vaikka koulutuksen maksaja olisikin ty\u00f6nantaja.<\/li>\n\n\n\n<li>Koulutuspaikan vastaanottamisen j\u00e4lkeen tapahtuvasta perumisesta tai peruuttamatta j\u00e4tt\u00e4misest\u00e4 laskutetaan koulutuksen hinta kokonaisuudessaan. Koulutusmaksut veloitetaan kokonaisuudessaan siit\u00e4kin huolimatta, ett\u00e4 opiskelija keskeytt\u00e4\u00e4 koulutuksen, ei saa opintoja valmiiksi annetussa ajassa tai vaihtaa ty\u00f6nantajaa kesken koulutuksen.<\/li>\n\n\n\n<li>Opiskelupaikka on henkil\u00f6kohtainen eik\u00e4 sit\u00e4 voi luovuttaa toiselle.<\/li>\n<\/ul>\n","protected":false},"excerpt":{"rendered":"<p>Koulutustarjonta&nbsp; Erikoistumiskoulutuksen hakumenettely Lukuvuosi-ilmoittautuminen ja opintoihin ilmoittautuminen Opintoneuvonta&nbsp; Opetuksen toteuttaminen&nbsp; SAMK-ID Ilmoittautumisen peruminen ja peruutusehdot<\/p>\n","protected":false},"author":13,"featured_media":0,"parent":0,"menu_order":0,"comment_status":"closed","ping_status":"open","template":"","meta":{"footnotes":""},"class_list":["post-1950","page","type-page","status-publish"],"_links":{"self":[{"href":"https:\/\/esamksupport.samk.fi\/opiskelija\/wp-json\/wp\/v2\/pages\/1950","targetHints":{"allow":["GET"]}}],"collection":[{"href":"https:\/\/esamksupport.samk.fi\/opiskelija\/wp-json\/wp\/v2\/pages"}],"about":[{"href":"https:\/\/esamksupport.samk.fi\/opiskelija\/wp-json\/wp\/v2\/types\/page"}],"author":[{"embeddable":true,"href":"https:\/\/esamksupport.samk.fi\/opiskelija\/wp-json\/wp\/v2\/users\/13"}],"replies":[{"embeddable":true,"href":"https:\/\/esamksupport.samk.fi\/opiskelija\/wp-json\/wp\/v2\/comments?post=1950"}],"version-history":[{"count":10,"href":"https:\/\/esamksupport.samk.fi\/opiskelija\/wp-json\/wp\/v2\/pages\/1950\/revisions"}],"predecessor-version":[{"id":2200,"href":"https:\/\/esamksupport.samk.fi\/opiskelija\/wp-json\/wp\/v2\/pages\/1950\/revisions\/2200"}],"wp:attachment":[{"href":"https:\/\/esamksupport.samk.fi\/opiskelija\/wp-json\/wp\/v2\/media?parent=1950"}],"curies":[{"name":"wp","href":"https:\/\/api.w.org\/{rel}","templated":true}]}}