{"id":1953,"date":"2021-01-19T12:09:13","date_gmt":"2021-01-19T10:09:13","guid":{"rendered":"https:\/\/esamksupport.samk.fi\/opiskelija\/?page_id=1953"},"modified":"2024-12-04T14:06:31","modified_gmt":"2024-12-04T12:06:31","slug":"siirto-opiskelija","status":"publish","type":"page","link":"https:\/\/esamksupport.samk.fi\/opiskelija\/siirto-opiskelija\/","title":{"rendered":"Siirto-opiskelija"},"content":{"rendered":"\n<p>&nbsp;<\/p>\n\n\n\n<ul class=\"wp-block-list\">\n<li><a href=\"https:\/\/www.samk.fi\/hae-opiskelemaan\/hakeminen\/siirtohaku-toisesta-korkeakoulusta\/\" target=\"_blank\" rel=\"noreferrer noopener\">Siirtohaku toisesta korkeakoulusta<\/a><\/li>\n\n\n\n<li><a href=\"https:\/\/www.samk.fi\/opiskelijalle\/siirtyminen-tutkinto-ohjelmasta-toiseen\/\" target=\"_blank\" rel=\"noreferrer noopener\">Siirtohaku tutkinto-ohjelmasta toiseen SAMKin sis\u00e4ll\u00e4<\/a><\/li>\n\n\n\n<li>Lis\u00e4tietoa siirtohausta saat SAMKin hakijapalveluista, <a href=\"mailto:hakijapalvelut@samk.fi\">hakijapalvelut@samk.fi<\/a><\/li>\n\n\n\n<li>Kun siirto on hyv\u00e4ksytty, opiskelija k\u00e4ytt\u00e4\u00e4 <a href=\"https:\/\/esamksupport.samk.fi\/opiskelija\/tutkinto-opiskelija-amk\/\" target=\"_blank\" rel=\"noreferrer noopener\">tutkinto-opiskelijan<\/a>\u00a0roolia.<\/li>\n<\/ul>\n\n\n\n<p><\/p>\n","protected":false},"excerpt":{"rendered":"<p>&nbsp;<\/p>\n","protected":false},"author":13,"featured_media":0,"parent":0,"menu_order":0,"comment_status":"closed","ping_status":"open","template":"","meta":{"footnotes":""},"class_list":["post-1953","page","type-page","status-publish"],"_links":{"self":[{"href":"https:\/\/esamksupport.samk.fi\/opiskelija\/wp-json\/wp\/v2\/pages\/1953","targetHints":{"allow":["GET"]}}],"collection":[{"href":"https:\/\/esamksupport.samk.fi\/opiskelija\/wp-json\/wp\/v2\/pages"}],"about":[{"href":"https:\/\/esamksupport.samk.fi\/opiskelija\/wp-json\/wp\/v2\/types\/page"}],"author":[{"embeddable":true,"href":"https:\/\/esamksupport.samk.fi\/opiskelija\/wp-json\/wp\/v2\/users\/13"}],"replies":[{"embeddable":true,"href":"https:\/\/esamksupport.samk.fi\/opiskelija\/wp-json\/wp\/v2\/comments?post=1953"}],"version-history":[{"count":3,"href":"https:\/\/esamksupport.samk.fi\/opiskelija\/wp-json\/wp\/v2\/pages\/1953\/revisions"}],"predecessor-version":[{"id":2191,"href":"https:\/\/esamksupport.samk.fi\/opiskelija\/wp-json\/wp\/v2\/pages\/1953\/revisions\/2191"}],"wp:attachment":[{"href":"https:\/\/esamksupport.samk.fi\/opiskelija\/wp-json\/wp\/v2\/media?parent=1953"}],"curies":[{"name":"wp","href":"https:\/\/api.w.org\/{rel}","templated":true}]}}