{"id":1954,"date":"2021-01-19T12:09:29","date_gmt":"2021-01-19T10:09:29","guid":{"rendered":"https:\/\/esamksupport.samk.fi\/opiskelija\/?page_id=1954"},"modified":"2024-12-04T14:52:02","modified_gmt":"2024-12-04T12:52:02","slug":"vaylaopintoja-opiskelevat-esim-nopsa-lukio","status":"publish","type":"page","link":"https:\/\/esamksupport.samk.fi\/opiskelija\/vaylaopintoja-opiskelevat-esim-nopsa-lukio\/","title":{"rendered":"V\u00e4yl\u00e4opintoja opiskelevat esim. Nopsa, Lukio"},"content":{"rendered":"\n<h3 class=\"wp-block-heading\">Opintojen tarjonta ja aikataulutus&nbsp;<\/h3>\n\n\n\n<ul class=\"wp-block-list\">\n<li><a href=\"https:\/\/www.samk.fi\/hae-opiskelemaan\/avoin-amk\/vaylaopinnot-ja-kurkistuskurssit\/\" target=\"_blank\" rel=\"noreferrer noopener\">Tarjonta<\/a><\/li>\n\n\n\n<li>Aikataulut l\u00f6ytyv\u00e4t <a href=\"https:\/\/timeedit.samk.fi\" target=\"_blank\" rel=\"noreferrer noopener\">TimeEditist\u00e4<\/a> esim.&nbsp;Opintojaksototeutuksen tunnuksen mukaan.<\/li>\n<\/ul>\n\n\n\n<h3 class=\"wp-block-heading\">Lukuvuosi-ilmoittautuminen&nbsp;<\/h3>\n\n\n\n<ul class=\"wp-block-list\">\n<li>Opiskelijat eiv\u00e4t tee lukuvuosi-ilmoittautumista.<\/li>\n<\/ul>\n\n\n\n<h3 class=\"wp-block-heading\">Opintoihin ilmoittautuminen ja ilmoittautumisen peruminen<\/h3>\n\n\n\n<ul class=\"wp-block-list\">\n<li>V\u00e4yl\u00e4opintojen ensimm\u00e4iseen toteutukseen opiskelija kirjataan jatkuvan oppimisen palveluissa.<\/li>\n\n\n\n<li>V\u00e4yl\u00e4opintojen my\u00f6hemmille opintojaksototeutuksille opiskelija ilmoittautuu itse opettajatutorinsa ohjeiden mukaisesti.<\/li>\n\n\n\n<li>Esteen sattuessa opiskelupaikka tulee peruuttaa laittamalla s\u00e4hk\u00f6postia osoitteeseen:&nbsp;<a href=\"mailto:avoinamk@samk.fi\">avoinamk@samk.fi<\/a>.<br><\/li>\n<\/ul>\n\n\n\n<h3 class=\"wp-block-heading\">Opetuksen toteuttaminen&nbsp;<\/h3>\n\n\n\n<ul class=\"wp-block-list\">\n<li><a href=\"https:\/\/samk.opinto-opas.fi\/coursedescriptions\" target=\"_blank\" rel=\"noreferrer noopener\">Opinto-oppaalta<\/a> l\u00f6yd\u00e4t opintojakson toteutussuunnitelman &gt;&gt; hakuehtoina lukuvuosi, lukukausi, opinnon nimi, paikkakunta.<\/li>\n<\/ul>\n\n\n\n<h3 class=\"wp-block-heading\">K\u00e4ytt\u00f6oikeus ja SAMK-ID<\/h3>\n\n\n\n<ul class=\"wp-block-list\">\n<li>SAMK-ID:n aktivointiin tarvitset verkkopankkitunnukset, s\u00e4hk\u00f6isen henkil\u00f6kortin TAI mobiilivarmenteen.<\/li>\n\n\n\n<li><a href=\"https:\/\/www.samk.fi\/opiskelijalle\/samk-id\/\" target=\"_blank\" rel=\"noreferrer noopener\">Ohje<\/a>&nbsp;SAMK-ID:n aktivointiin.<\/li>\n\n\n\n<li>SAMK-ID:t\u00e4 tarvitset kirjautuessasi SAMKin\u00a0verkkoon ja j\u00e4rjestelmiin, esim. Moodleen, Lokiin, Examiin ja\u00a0Tuudoon.<\/li>\n\n\n\n<li>SAMKin\u00a0s\u00e4hk\u00f6postiin (M365-palvelut) k\u00e4ytet\u00e4\u00e4n s\u00e4hk\u00f6postiosoitetta ja SAMK-ID:n salasanaa.<\/li>\n<\/ul>\n\n\n\n<h3 class=\"wp-block-heading\">Oppimateriaali ja s\u00e4hk\u00f6iset oppimisymp\u00e4rist\u00f6t&nbsp;<\/h3>\n\n\n\n<ul class=\"wp-block-list\">\n<li>Opintojakson <a href=\"https:\/\/samk.opinto-opas.fi\/coursedescriptions\" target=\"_blank\" rel=\"noreferrer noopener\">toteutussuunnitelmassa<\/a> kerrotaan oppimateriaali ja tarvittavat ohjelmistot.&nbsp;<\/li>\n\n\n\n<li><a href=\"https:\/\/moodle.samk.fi\/\" target=\"_blank\" rel=\"noreferrer noopener\">Moodle<\/a>&nbsp;<\/li>\n\n\n\n<li><a href=\"https:\/\/hill.samk.fi\/\" target=\"_blank\" rel=\"noreferrer noopener\">HILL<\/a><\/li>\n\n\n\n<li><a href=\"https:\/\/exam.samk.fi\/\" target=\"_blank\" rel=\"noreferrer noopener\">Exam<\/a><\/li>\n\n\n\n<li><a href=\"https:\/\/loki.samk.fi\" target=\"_blank\" rel=\"noreferrer noopener\">Loki<\/a><\/li>\n\n\n\n<li>Tuudo&nbsp;mobiilisovellus<\/li>\n<\/ul>\n","protected":false},"excerpt":{"rendered":"<p>Opintojen tarjonta ja aikataulutus&nbsp; Lukuvuosi-ilmoittautuminen&nbsp; Opintoihin ilmoittautuminen ja ilmoittautumisen peruminen Opetuksen toteuttaminen&nbsp; K\u00e4ytt\u00f6oikeus ja SAMK-ID Oppimateriaali ja s\u00e4hk\u00f6iset oppimisymp\u00e4rist\u00f6t&nbsp;<\/p>\n","protected":false},"author":13,"featured_media":0,"parent":0,"menu_order":0,"comment_status":"closed","ping_status":"open","template":"","meta":{"footnotes":""},"class_list":["post-1954","page","type-page","status-publish"],"_links":{"self":[{"href":"https:\/\/esamksupport.samk.fi\/opiskelija\/wp-json\/wp\/v2\/pages\/1954","targetHints":{"allow":["GET"]}}],"collection":[{"href":"https:\/\/esamksupport.samk.fi\/opiskelija\/wp-json\/wp\/v2\/pages"}],"about":[{"href":"https:\/\/esamksupport.samk.fi\/opiskelija\/wp-json\/wp\/v2\/types\/page"}],"author":[{"embeddable":true,"href":"https:\/\/esamksupport.samk.fi\/opiskelija\/wp-json\/wp\/v2\/users\/13"}],"replies":[{"embeddable":true,"href":"https:\/\/esamksupport.samk.fi\/opiskelija\/wp-json\/wp\/v2\/comments?post=1954"}],"version-history":[{"count":7,"href":"https:\/\/esamksupport.samk.fi\/opiskelija\/wp-json\/wp\/v2\/pages\/1954\/revisions"}],"predecessor-version":[{"id":2202,"href":"https:\/\/esamksupport.samk.fi\/opiskelija\/wp-json\/wp\/v2\/pages\/1954\/revisions\/2202"}],"wp:attachment":[{"href":"https:\/\/esamksupport.samk.fi\/opiskelija\/wp-json\/wp\/v2\/media?parent=1954"}],"curies":[{"name":"wp","href":"https:\/\/api.w.org\/{rel}","templated":true}]}}